{"id":1596,"date":"2022-04-23T11:10:14","date_gmt":"2022-04-23T11:10:14","guid":{"rendered":"https:\/\/weltderspaetantike.de\/?page_id=1596"},"modified":"2024-10-14T23:43:31","modified_gmt":"2024-10-14T23:43:31","slug":"die-voelker-zentralasiens","status":"publish","type":"page","link":"https:\/\/weltderspaetantike.de\/index.php\/die-voelker-zentralasiens\/","title":{"rendered":"Die V\u00f6lker Zentralasiens"},"content":{"rendered":"\n<p><\/p>\n\n\n\n<figure class=\"wp-block-image size-full\"><img loading=\"lazy\" decoding=\"async\" width=\"553\" height=\"392\" src=\"https:\/\/weltderspaetantike.de\/wp-content\/uploads\/2022\/04\/553px-Central_Asia_Including_Afghanistan-CC-BY-SA-4-Olysyar-zugeschnitten.png\" alt=\"\" class=\"wp-image-1601\" srcset=\"https:\/\/weltderspaetantike.de\/wp-content\/uploads\/2022\/04\/553px-Central_Asia_Including_Afghanistan-CC-BY-SA-4-Olysyar-zugeschnitten.png 553w, https:\/\/weltderspaetantike.de\/wp-content\/uploads\/2022\/04\/553px-Central_Asia_Including_Afghanistan-CC-BY-SA-4-Olysyar-zugeschnitten-300x213.png 300w, https:\/\/weltderspaetantike.de\/wp-content\/uploads\/2022\/04\/553px-Central_Asia_Including_Afghanistan-CC-BY-SA-4-Olysyar-zugeschnitten-423x300.png 423w\" sizes=\"(max-width: 553px) 100vw, 553px\" \/><\/figure>\n\n\n\n<p>Bei dieser Miniserie handelt es sich um eine Bonus-Serie.<\/p>\n\n\n\n<p>Ihr k\u00f6nnt diese auf <a href=\"https:\/\/www.patreon.com\/user?u=36142910\">Patreon<\/a> h\u00f6ren<\/p>\n\n\n\n<figure class=\"wp-block-table\"><table><tbody><tr><td>1<\/td><td><a href=\"https:\/\/weltderspaetantike.de\/index.php\/2022\/06\/03\/die-voelker-zentralasiens-folge-1-die-kushan-und-kushano-sasaniden\/\">Die Kushan und Kushano-Sasaniden<\/a><\/td><td>03. 06. 2022<\/td><\/tr><tr><td>2<\/td><td><a href=\"https:\/\/weltderspaetantike.de\/index.php\/2024\/07\/28\/die-voelker-zentralasiens-folge-2-die-kidariten-2\/\">Die Kidariten<\/a><\/td><td>03. 06. 2022<\/td><\/tr><tr><td>3<\/td><td><a href=\"https:\/\/weltderspaetantike.de\/index.php\/2024\/08\/18\/die-hephthaliten\/\">Die Hephtaliten<\/a><\/td><td>10. 06. 2022<\/td><\/tr><tr><td>4<\/td><td><a href=\"https:\/\/weltderspaetantike.de\/index.php\/2022\/06\/10\/die-voelker-zentralasiens-folge-4-die-tuerken\/\">Die T\u00fcrken<\/a><\/td><td>10. 06. 2022<\/td><\/tr><\/tbody><\/table><\/figure>\n\n\n\n<p><strong>Literatur:<\/strong><\/p>\n\n\n\n<p>Janos Harmatta, B. N. Puri und G. F. Etemadie (Hgg.): History of Civilizations of Central Asia, Band II. Development of Sedentary an Nomadic Civilisations 700 B. C. \u2013 A. D. 250. Paris 1996<sup>2<\/sup>.<\/p>\n\n\n\n<p>B. A. Litvinsky, Zhang Guand-Da, R. Shabani Samghabadi (Hgg.): History of Civilizations of Central Asia, Band III. The crossroad of civilizations A. D. 250 to 750. Paris 1996.<\/p>\n","protected":false},"excerpt":{"rendered":"<p>Bei dieser Miniserie handelt es sich um eine Bonus-Serie. Ihr k\u00f6nnt diese auf Patreon h\u00f6ren 1 Die Kushan und Kushano-Sasaniden 03. 06. 2022 2 Die Kidariten 03. 06. 2022 3 Die Hephtaliten 10. 06. 2022 4 Die T\u00fcrken 10. 06. &hellip; <a href=\"https:\/\/weltderspaetantike.de\/index.php\/die-voelker-zentralasiens\/\">Weiterlesen <span class=\"meta-nav\">&rarr;<\/span><\/a><\/p>\n","protected":false},"author":1,"featured_media":0,"parent":0,"menu_order":0,"comment_status":"closed","ping_status":"closed","template":"","meta":{"footnotes":""},"_links":{"self":[{"href":"https:\/\/weltderspaetantike.de\/index.php\/wp-json\/wp\/v2\/pages\/1596"}],"collection":[{"href":"https:\/\/weltderspaetantike.de\/index.php\/wp-json\/wp\/v2\/pages"}],"about":[{"href":"https:\/\/weltderspaetantike.de\/index.php\/wp-json\/wp\/v2\/types\/page"}],"author":[{"embeddable":true,"href":"https:\/\/weltderspaetantike.de\/index.php\/wp-json\/wp\/v2\/users\/1"}],"replies":[{"embeddable":true,"href":"https:\/\/weltderspaetantike.de\/index.php\/wp-json\/wp\/v2\/comments?post=1596"}],"version-history":[{"count":7,"href":"https:\/\/weltderspaetantike.de\/index.php\/wp-json\/wp\/v2\/pages\/1596\/revisions"}],"predecessor-version":[{"id":2394,"href":"https:\/\/weltderspaetantike.de\/index.php\/wp-json\/wp\/v2\/pages\/1596\/revisions\/2394"}],"wp:attachment":[{"href":"https:\/\/weltderspaetantike.de\/index.php\/wp-json\/wp\/v2\/media?parent=1596"}],"curies":[{"name":"wp","href":"https:\/\/api.w.org\/{rel}","templated":true}]}}