{"id":643,"date":"2021-02-13T23:46:22","date_gmt":"2021-02-13T23:46:22","guid":{"rendered":"https:\/\/weltderspaetantike.de\/?page_id=643"},"modified":"2023-06-03T15:53:16","modified_gmt":"2023-06-03T15:53:16","slug":"der-mithras-kult","status":"publish","type":"page","link":"https:\/\/weltderspaetantike.de\/index.php\/der-mithras-kult\/","title":{"rendered":"Der Mithras-Kult"},"content":{"rendered":"<div class=\"wp-block-image\">\n<figure class=\"aligncenter size-large is-resized\"><img loading=\"lazy\" decoding=\"async\" src=\"https:\/\/weltderspaetantike.de\/wp-content\/uploads\/2021\/02\/Mithrasrelief-Neuenheim-CC-BY-SA-Thomas-Ihle.jpg\" alt=\"\" class=\"wp-image-686\" width=\"525\" height=\"394\" srcset=\"https:\/\/weltderspaetantike.de\/wp-content\/uploads\/2021\/02\/Mithrasrelief-Neuenheim-CC-BY-SA-Thomas-Ihle.jpg 800w, https:\/\/weltderspaetantike.de\/wp-content\/uploads\/2021\/02\/Mithrasrelief-Neuenheim-CC-BY-SA-Thomas-Ihle-300x225.jpg 300w, https:\/\/weltderspaetantike.de\/wp-content\/uploads\/2021\/02\/Mithrasrelief-Neuenheim-CC-BY-SA-Thomas-Ihle-768x576.jpg 768w, https:\/\/weltderspaetantike.de\/wp-content\/uploads\/2021\/02\/Mithrasrelief-Neuenheim-CC-BY-SA-Thomas-Ihle-400x300.jpg 400w\" sizes=\"(max-width: 525px) 100vw, 525px\" \/><\/figure><\/div>\n\n\n<figure class=\"wp-block-table\"><table><tbody><tr><td>1<\/td><td><a href=\"https:\/\/weltderspaetantike.de\/index.php\/2023\/05\/12\/der-mithras-kult-folge-1-mithras-und-mitra-und-die-religioesitaet-im-roemischen-reich\/\">Mithras und Mitra und die Religi\u00f6sit\u00e4t im R\u00f6mischen Reich<\/a><\/td><td>12. 05. 2023<\/td><\/tr><tr><td>2<\/td><td><a href=\"https:\/\/weltderspaetantike.de\/index.php\/2023\/05\/22\/der-mithras-kult-folge-2-kultinhalte-und-weihegrade\/\">Kultinhalte und Weihegrade<\/a><\/td><td>22. 05. 2023<\/td><\/tr><tr><td>3<\/td><td><a href=\"https:\/\/weltderspaetantike.de\/index.php\/2023\/05\/27\/der-mithras-kult-folge-3-mithras-und-die-goetterwelt\/\">Mithras und die G\u00f6tterwelt<\/a><\/td><td>27. 05. 2023<\/td><\/tr><tr><td>4<\/td><td><a href=\"https:\/\/weltderspaetantike.de\/index.php\/2023\/06\/03\/der-mithras-kult-folge-4-ausbreitung-und-anhaengerschichten-des-kultes\/\">Ausbreitung und Anh\u00e4ngerschichten<\/a><\/td><td>03. 06. 2023<\/td><\/tr><\/tbody><\/table><\/figure>\n\n\n\n<p><strong>Literatur<\/strong><\/p>\n\n\n\n<p><a href=\"https:\/\/www.wbg-wissenverbindet.de\/shop\/28709\/mithras\">Manfres Clauss: Mithras. Kult und Mysterium. Darmstadt 2012<\/a>.<\/p>\n\n\n\n<p><a href=\"file:\/\/\/home\/patrick\/Downloads\/10.1515_9783110299557.pdf\">Jan N. Bremmer: Initiation into the Mysteries of the Ancient World. Band 1. Berlin 2014.<\/a><\/p>\n\n\n\n<p><\/p>\n","protected":false},"excerpt":{"rendered":"<p>1 Mithras und Mitra und die Religi\u00f6sit\u00e4t im R\u00f6mischen Reich 12. 05. 2023 2 Kultinhalte und Weihegrade 22. 05. 2023 3 Mithras und die G\u00f6tterwelt 27. 05. 2023 4 Ausbreitung und Anh\u00e4ngerschichten 03. 06. 2023 Literatur Manfres Clauss: Mithras. Kult &hellip; <a href=\"https:\/\/weltderspaetantike.de\/index.php\/der-mithras-kult\/\">Weiterlesen <span class=\"meta-nav\">&rarr;<\/span><\/a><\/p>\n","protected":false},"author":1,"featured_media":0,"parent":0,"menu_order":0,"comment_status":"closed","ping_status":"closed","template":"","meta":{"footnotes":""},"_links":{"self":[{"href":"https:\/\/weltderspaetantike.de\/index.php\/wp-json\/wp\/v2\/pages\/643"}],"collection":[{"href":"https:\/\/weltderspaetantike.de\/index.php\/wp-json\/wp\/v2\/pages"}],"about":[{"href":"https:\/\/weltderspaetantike.de\/index.php\/wp-json\/wp\/v2\/types\/page"}],"author":[{"embeddable":true,"href":"https:\/\/weltderspaetantike.de\/index.php\/wp-json\/wp\/v2\/users\/1"}],"replies":[{"embeddable":true,"href":"https:\/\/weltderspaetantike.de\/index.php\/wp-json\/wp\/v2\/comments?post=643"}],"version-history":[{"count":11,"href":"https:\/\/weltderspaetantike.de\/index.php\/wp-json\/wp\/v2\/pages\/643\/revisions"}],"predecessor-version":[{"id":2048,"href":"https:\/\/weltderspaetantike.de\/index.php\/wp-json\/wp\/v2\/pages\/643\/revisions\/2048"}],"wp:attachment":[{"href":"https:\/\/weltderspaetantike.de\/index.php\/wp-json\/wp\/v2\/media?parent=643"}],"curies":[{"name":"wp","href":"https:\/\/api.w.org\/{rel}","templated":true}]}}