{"id":649,"date":"2021-02-13T23:48:03","date_gmt":"2021-02-13T23:48:03","guid":{"rendered":"https:\/\/weltderspaetantike.de\/?page_id=649"},"modified":"2025-05-30T01:41:11","modified_gmt":"2025-05-30T01:41:11","slug":"manichaeismus","status":"publish","type":"page","link":"https:\/\/weltderspaetantike.de\/index.php\/manichaeismus\/","title":{"rendered":"Der Manich\u00e4ismus"},"content":{"rendered":"<div class=\"wp-block-image\">\n<figure class=\"aligncenter size-full is-resized\"><img loading=\"lazy\" decoding=\"async\" width=\"406\" height=\"599\" src=\"https:\/\/weltderspaetantike.de\/wp-content\/uploads\/2025\/01\/Manicheans-CC-0.jpg\" alt=\"\" class=\"wp-image-2475\" style=\"width:287px;height:auto\" srcset=\"https:\/\/weltderspaetantike.de\/wp-content\/uploads\/2025\/01\/Manicheans-CC-0.jpg 406w, https:\/\/weltderspaetantike.de\/wp-content\/uploads\/2025\/01\/Manicheans-CC-0-203x300.jpg 203w\" sizes=\"(max-width: 406px) 100vw, 406px\" \/><\/figure><\/div>\n\n\n<figure class=\"wp-block-table\"><table><tbody><tr><td>1<\/td><td><a href=\"https:\/\/weltderspaetantike.de\/index.php\/2025\/01\/29\/der-manichaeismus-folge-1-was-ist-der-manichaeismus\/\">Was ist der Manich\u00e4ismus? &#8211; Quellenlage und Leben Manis<\/a><\/td><td>29.1.2025<\/td><\/tr><tr><td>2<\/td><td><a href=\"https:\/\/weltderspaetantike.de\/index.php\/2025\/02\/06\/der-manichaeismus-folge-2-kosmologie-und-weltbild\/\">Das Weltbild und die Kosmologie<\/a><\/td><td>6. 2. 2025<\/td><\/tr><tr><td>3<\/td><td><a href=\"https:\/\/weltderspaetantike.de\/index.php\/2025\/02\/15\/der-manichaeismus-folge-3-der-manichaeismus-als-synkretistische-religion\/\">Der Manich\u00e4ismus als synkretistische Religion<\/a><\/td><td>15.2.2025<\/td><\/tr><tr><td>4<\/td><td><a href=\"https:\/\/weltderspaetantike.de\/index.php\/2025\/02\/21\/der-manichaeismus-folge-4-die-manichaeische-gemeinde\/\">Die manich\u00e4ische Gemeinde<\/a><\/td><td>21.2.2025<\/td><\/tr><tr><td>5<\/td><td><a href=\"https:\/\/weltderspaetantike.de\/index.php\/2025\/03\/02\/der-manichaeismus-folge-5-ethik-rituale-und-kultstaetten\/\">Ethik und Rituale und Kultst\u00e4tten<\/a><\/td><td>02.3.2015<\/td><\/tr><tr><td>6<\/td><td><a href=\"https:\/\/weltderspaetantike.de\/index.php\/2025\/03\/08\/der-manichaeismus-folge-6-das-manichaeische-moenchtum\/\">Das manich\u00e4ische M\u00f6nchtum<\/a><\/td><td>08.3.2025<\/td><\/tr><tr><td>7<\/td><td><a href=\"http:\/\/der-manichaeismus-folge-7-geschichte-i-der-manichaeismus-im-iran\">Geschichte I &#8211; Der Manich\u00e4ismus im Iran<\/a><\/td><td>13.3.2025<\/td><\/tr><tr><td>8<\/td><td><a href=\"https:\/\/weltderspaetantike.de\/index.php\/2025\/03\/14\/der-manichaeismus-folge-7-geschichte-i-der-manichaeismus-im-iran\/\">Geschichte II &#8211; Der Manich\u00e4ismus im R\u00f6mischen Reich<\/a><\/td><td>20.3.2025<\/td><\/tr><tr><td>9<\/td><td><a href=\"https:\/\/weltderspaetantike.de\/index.php\/2025\/03\/21\/der-manichaeismus-folge-8-geschichte-ii-der-manichaeismus-im-roemischen-reich\/\">Geschichte III &#8211; Christliche Kritik am Manich\u00e4ismus<\/a><\/td><td>01.4.2025<\/td><\/tr><tr><td>10<\/td><td><a href=\"https:\/\/weltderspaetantike.de\/index.php\/2025\/04\/04\/der-manichaeismus-folge-10-geschichte-iv-der-manichaeismus-in-zentralasien-und-der-seidenstrasse\/\">Geschichte IV &#8211; In Zentralasien und der Seidenstra\u00dfe<\/a><\/td><td>03.4.2025<\/td><\/tr><tr><td>11<\/td><td><a href=\"https:\/\/weltderspaetantike.de\/index.php\/2025\/04\/19\/der-manichaeismus-foge-11-geschichte-v-in-china-von-der-tang-dynastie-bis-zu-den-fuenf-dynastien\/\">Geschichte V &#8211; Der Manich\u00e4ismus in China von der Tang-Dynastie bis zu den f\u00fcnf Dynastien<\/a><\/td><td>19.4.2025<\/td><\/tr><tr><td>12<\/td><td><a href=\"https:\/\/weltderspaetantike.de\/index.php\/2025\/04\/26\/der-manichaeismus-folge-12-geschichte-vi-in-china-unter-der-song-dynastie-bis-zur-ming\/\">Geschichte VI &#8211; Der Manich\u00e4ismus in China unter der Song-Dynastie bis zur Ming-Dynastie<\/a><\/td><td>26.4.2025<\/td><\/tr><tr><td>13<\/td><td><a href=\"https:\/\/weltderspaetantike.de\/index.php\/2025\/05\/04\/der-manichaeismus-folge-13-geschichte-vii-chinesische-kritik-am-manichaeismus\/\">Geschichte VII &#8211; Chinesische Kritik am Manich\u00e4ismus<\/a><\/td><td>4.5.2025<\/td><\/tr><tr><td>14<\/td><td><a href=\"https:\/\/weltderspaetantike.de\/index.php\/2025\/05\/11\/der-manichaeismus-folge-14-mani-der-dolmetscher-der-religionen-eine-religion-in-staendiger-akkommodation\/\">Mani, der Dolmetscher der Religionen &#8211; Eine Religion in st\u00e4ndiger Akkommodation<\/a><\/td><td>11.5.2025<\/td><\/tr><\/tbody><\/table><\/figure>\n\n\n\n<figure class=\"wp-block-table\"><table><tbody><tr><td><a href=\"https:\/\/weltderspaetantike.de\/index.php\/2025\/05\/20\/der-manichaeismus-bonusfolge-1-manis-tod\/\">Bonusfolge 1 &#8211; Manis Tod<\/a><\/td><td>20. 5. 2025<\/td><\/tr><tr><td><a href=\"https:\/\/weltderspaetantike.de\/index.php\/2025\/05\/30\/der-manichaeismus-bonusfolge-2-spuren-des-manichaeismus-in-iberien\/\">Bonusfolge 2 &#8211; Spuren des Manich\u00e4ismus in Iberien<\/a><\/td><td>30. 5. 2025<\/td><\/tr><\/tbody><\/table><\/figure>\n\n\n\n<p><\/p>\n\n\n\n<p><strong>Literatur<\/strong><\/p>\n\n\n\n<p>Manfred Hutter: Der Manich\u00e4ismus. Vom Iran in den Mittelmeerraum und \u00fcber die Seidenstra\u00dfe nach S\u00fcdchina. Stuttgart 2023<\/p>\n\n\n\n<p>Samuel N. C. Lieu: Manichaeism in Central Asia and China. Leiden 1998.<\/p>\n\n\n\n<p>Samuel N. C. Lieu: Manichaeism in the Later Roman Empire and medieval China. T\u00fcbingen 1992.<\/p>\n\n\n\n<p>Iain Gardener und Samuel N. C. Lieu (Hrsgg.): Manichaean Texts from the Roman Empire, Cambridge 2004.<\/p>\n\n\n\n<p>Christoph Markschies: Manich\u00e4ismus an der Seidenstra\u00dfe. Oder: Kreative Prozesse der mittelalterlichen Neukonfigurierungen einer sp\u00e4tantiken Religion, in: Volker Leppin: Schaffen und Nachahmen. Kreative Prozesse im Mittelalter. De Gruyter 2021, S. 303-322.<\/p>\n\n\n\n<p>Manfred Hutter: Manichaeism in Iran, S. 477-490, in: Michael Strausberg und Yuhan Sohrab-Dinshav Vevaina und Anna Tessman (Hrsg.): The Wiley Blackwell Companion to Zoroastrianism. Wiley Blackwell 2015.<\/p>\n\n\n\n<p>Christoph Markschies: Mani \u2013 seine Lehrer und seine Sch\u00fcler, in: Almut-Barbara Renger (Hg.): Meister und Sch\u00fcler in Geschichte und Gegenwart. Von Religionen der Antike bis zur modernen Esoterik, V&amp; R unipress 2012, S.147-159<\/p>\n\n\n\n<p>Claudia Weber: Wie sinnvoll ist die religionswissenschaftliche Kategorie des Synkretismus? \u2013 Bausteine zu einer Bewertung des Manich\u00e4ismus als synkretistische Religion, in: Zekine \u00d6zertural und G\u00f6khan \u015eilfeler (Hgs.): Der \u00f6stliche Manich\u00e4ismus im Spiegel seiner Buch- und Schriftkultur. De Gruyter 2018, S. 7-16.<\/p>\n\n\n\n<p>Nahal Tajadod: The Role of Iranians in the Spread of Buddhism, Manichaeism and Mazdaism in China, in: Diogenes 50, Heft 4 (2003), S. 61-68.<\/p>\n\n\n\n<p>J. Kevon Coyle: Foreign and insane: Labelling Manichaeism in the Roman Empire, in: Studien in Religion 33, Heft 2 (2004), S. 217-234.<\/p>\n\n\n\n<p>David Scott: Manichaeism in Bactria. Political Patterns &amp; East-West Paradigms, in: Journal of Asian History, 41, Heft 2 (2007), S. 107-130.<\/p>\n\n\n\n<p>David Scoll: Buddhist Responses to Manichaeism. Mah\u0101y\u0101na Reaffirmation of the &#8222;Middle Path&#8220;?, in: History of Religions, 35, Heft 2 (1995), S. 148-162.<\/p>\n\n\n\n<p>Ian Gardner: Mani\u2019s Death. Inter-Religious Con\ufb02ict in Early Sasanian Iran and the Memory of the Apostle, in: Ian Gardner: The founder of Manichaeism: Rethinking the Life of Mani. Cambridge University Press 2020, S. 59-82.<\/p>\n\n\n\n<p>Tamila Mgaloblishvilia und Stephen H. Rapp Jr: Manichaeism in late antique Georgia?, in: Jacob Albert van den Berg, Annemar\u00e9 Kotz\u00e9, Tobias Nicklas, und Madeleine Scopello (Hrsgg.): In Search of Truth. Augustine, Manichaeism and other Gnosticism. Studies for Johannes van Oort at Sixty, Brill 2011, S. 263\u2013290.<\/p>\n","protected":false},"excerpt":{"rendered":"<p>1 Was ist der Manich\u00e4ismus? &#8211; Quellenlage und Leben Manis 29.1.2025 2 Das Weltbild und die Kosmologie 6. 2. 2025 3 Der Manich\u00e4ismus als synkretistische Religion 15.2.2025 4 Die manich\u00e4ische Gemeinde 21.2.2025 5 Ethik und Rituale und Kultst\u00e4tten 02.3.2015 6 &hellip; <a href=\"https:\/\/weltderspaetantike.de\/index.php\/manichaeismus\/\">Weiterlesen <span class=\"meta-nav\">&rarr;<\/span><\/a><\/p>\n","protected":false},"author":1,"featured_media":0,"parent":0,"menu_order":0,"comment_status":"closed","ping_status":"closed","template":"","meta":{"footnotes":""},"_links":{"self":[{"href":"https:\/\/weltderspaetantike.de\/index.php\/wp-json\/wp\/v2\/pages\/649"}],"collection":[{"href":"https:\/\/weltderspaetantike.de\/index.php\/wp-json\/wp\/v2\/pages"}],"about":[{"href":"https:\/\/weltderspaetantike.de\/index.php\/wp-json\/wp\/v2\/types\/page"}],"author":[{"embeddable":true,"href":"https:\/\/weltderspaetantike.de\/index.php\/wp-json\/wp\/v2\/users\/1"}],"replies":[{"embeddable":true,"href":"https:\/\/weltderspaetantike.de\/index.php\/wp-json\/wp\/v2\/comments?post=649"}],"version-history":[{"count":33,"href":"https:\/\/weltderspaetantike.de\/index.php\/wp-json\/wp\/v2\/pages\/649\/revisions"}],"predecessor-version":[{"id":2708,"href":"https:\/\/weltderspaetantike.de\/index.php\/wp-json\/wp\/v2\/pages\/649\/revisions\/2708"}],"wp:attachment":[{"href":"https:\/\/weltderspaetantike.de\/index.php\/wp-json\/wp\/v2\/media?parent=649"}],"curies":[{"name":"wp","href":"https:\/\/api.w.org\/{rel}","templated":true}]}}